{"id":883,"date":"2021-07-09T10:15:41","date_gmt":"2021-07-09T10:15:41","guid":{"rendered":"https:\/\/www.cludem.lu\/home\/"},"modified":"2026-02-13T16:59:10","modified_gmt":"2026-02-13T16:59:10","slug":"home","status":"publish","type":"page","link":"https:\/\/www.cludem.lu\/de\/","title":{"rendered":"Home"},"content":{"rendered":"<div data-elementor-type=\"wp-page\" data-elementor-id=\"883\" class=\"elementor elementor-883\">\n\t\t\t\t\t\t<section class=\"elementor-section elementor-top-section elementor-element elementor-element-d498539 elementor-section-full_width elementor-section-height-default elementor-section-height-default\" data-id=\"d498539\" data-element_type=\"section\" data-settings=\"{&quot;background_background&quot;:&quot;classic&quot;}\">\n\t\t\t\t\t\t\t<div class=\"elementor-background-overlay\"><\/div>\n\t\t\t\t\t\t\t<div class=\"elementor-container elementor-column-gap-no\">\n\t\t\t\t\t<div class=\"elementor-column elementor-col-100 elementor-top-column elementor-element elementor-element-0060442\" data-id=\"0060442\" data-element_type=\"column\">\n\t\t\t<div class=\"elementor-widget-wrap elementor-element-populated\">\n\t\t\t\t\t\t<div class=\"elementor-element elementor-element-ba34a5b elementor-widget-mobile__width-inherit elementor-hidden-tablet elementor-hidden-mobile elementor-widget elementor-widget-image\" data-id=\"ba34a5b\" data-element_type=\"widget\" data-widget_type=\"image.default\">\n\t\t\t\t<div class=\"elementor-widget-container\">\n\t\t\t\t\t\t\t\t\t\t\t\t\t\t\t<img fetchpriority=\"high\" decoding=\"async\" width=\"1920\" height=\"338\" src=\"https:\/\/www.cludem.lu\/wp-content\/uploads\/2022\/07\/test3.png\" class=\"attachment-full size-full wp-image-975\" alt=\"\" srcset=\"https:\/\/www.cludem.lu\/wp-content\/uploads\/2022\/07\/test3.png 1920w, https:\/\/www.cludem.lu\/wp-content\/uploads\/2022\/07\/test3-300x53.png 300w, https:\/\/www.cludem.lu\/wp-content\/uploads\/2022\/07\/test3-1024x180.png 1024w, https:\/\/www.cludem.lu\/wp-content\/uploads\/2022\/07\/test3-768x135.png 768w, https:\/\/www.cludem.lu\/wp-content\/uploads\/2022\/07\/test3-1536x270.png 1536w\" sizes=\"(max-width: 1920px) 100vw, 1920px\" \/>\t\t\t\t\t\t\t\t\t\t\t\t\t\t\t<\/div>\n\t\t\t\t<\/div>\n\t\t\t\t<div class=\"elementor-element elementor-element-5df3779 elementor-widget-mobile__width-inherit elementor-hidden-desktop elementor-widget elementor-widget-image\" data-id=\"5df3779\" data-element_type=\"widget\" data-widget_type=\"image.default\">\n\t\t\t\t<div class=\"elementor-widget-container\">\n\t\t\t\t\t\t\t\t\t\t\t\t\t\t\t<img decoding=\"async\" width=\"1920\" height=\"466\" src=\"https:\/\/www.cludem.lu\/wp-content\/uploads\/2022\/07\/test1.png\" class=\"attachment-full size-full wp-image-911\" alt=\"\" srcset=\"https:\/\/www.cludem.lu\/wp-content\/uploads\/2022\/07\/test1.png 1920w, https:\/\/www.cludem.lu\/wp-content\/uploads\/2022\/07\/test1-300x73.png 300w, https:\/\/www.cludem.lu\/wp-content\/uploads\/2022\/07\/test1-1024x249.png 1024w, https:\/\/www.cludem.lu\/wp-content\/uploads\/2022\/07\/test1-768x186.png 768w, https:\/\/www.cludem.lu\/wp-content\/uploads\/2022\/07\/test1-1536x373.png 1536w\" sizes=\"(max-width: 1920px) 100vw, 1920px\" \/>\t\t\t\t\t\t\t\t\t\t\t\t\t\t\t<\/div>\n\t\t\t\t<\/div>\n\t\t\t\t\t<\/div>\n\t\t<\/div>\n\t\t\t\t\t<\/div>\n\t\t<\/section>\n\t\t\t\t<section class=\"elementor-section elementor-top-section elementor-element elementor-element-b87fdcd elementor-section-boxed elementor-section-height-default elementor-section-height-default\" data-id=\"b87fdcd\" data-element_type=\"section\">\n\t\t\t\t\t\t<div class=\"elementor-container elementor-column-gap-default\">\n\t\t\t\t\t<div class=\"elementor-column elementor-col-100 elementor-top-column elementor-element elementor-element-8d601f1\" data-id=\"8d601f1\" data-element_type=\"column\">\n\t\t\t<div class=\"elementor-widget-wrap elementor-element-populated\">\n\t\t\t\t\t\t<div class=\"elementor-element elementor-element-b6891ee elementor-widget elementor-widget-image\" data-id=\"b6891ee\" data-element_type=\"widget\" data-widget_type=\"image.default\">\n\t\t\t\t<div class=\"elementor-widget-container\">\n\t\t\t\t\t\t\t\t\t\t\t\t\t\t\t<img decoding=\"async\" width=\"1024\" height=\"168\" src=\"https:\/\/www.cludem.lu\/wp-content\/uploads\/2022\/07\/37293320_487106205045068_8784929929759293440_n-removebg-preview-1024x168.png\" class=\"attachment-large size-large wp-image-1186\" alt=\"\" srcset=\"https:\/\/www.cludem.lu\/wp-content\/uploads\/2022\/07\/37293320_487106205045068_8784929929759293440_n-removebg-preview-1024x168.png 1024w, https:\/\/www.cludem.lu\/wp-content\/uploads\/2022\/07\/37293320_487106205045068_8784929929759293440_n-removebg-preview-300x49.png 300w, https:\/\/www.cludem.lu\/wp-content\/uploads\/2022\/07\/37293320_487106205045068_8784929929759293440_n-removebg-preview-768x126.png 768w, https:\/\/www.cludem.lu\/wp-content\/uploads\/2022\/07\/37293320_487106205045068_8784929929759293440_n-removebg-preview.png 1234w\" sizes=\"(max-width: 1024px) 100vw, 1024px\" \/>\t\t\t\t\t\t\t\t\t\t\t\t\t\t\t<\/div>\n\t\t\t\t<\/div>\n\t\t\t\t\t<\/div>\n\t\t<\/div>\n\t\t\t\t\t<\/div>\n\t\t<\/section>\n\t\t\t\t<section class=\"elementor-section elementor-top-section elementor-element elementor-element-3acf106 elementor-section-boxed elementor-section-height-default elementor-section-height-default\" data-id=\"3acf106\" data-element_type=\"section\">\n\t\t\t\t\t\t<div class=\"elementor-container elementor-column-gap-default\">\n\t\t\t\t\t<div class=\"elementor-column elementor-col-100 elementor-top-column elementor-element elementor-element-8df2509\" data-id=\"8df2509\" data-element_type=\"column\">\n\t\t\t<div class=\"elementor-widget-wrap elementor-element-populated\">\n\t\t\t\t\t\t<div class=\"elementor-element elementor-element-f556b9d elementor-widget elementor-widget-text-editor\" data-id=\"f556b9d\" data-element_type=\"widget\" data-widget_type=\"text-editor.default\">\n\t\t\t\t<div class=\"elementor-widget-container\">\n\t\t\t\t\t\t\t\t\t<div id=\"contentwide\"><p>Constitu\u00e9 en 1987 dans le cadre du Centre Universitaire de Luxembourg, le Centre Luxembourgeois de Documentation et d&rsquo;\u00c9tudes M\u00e9di\u00e9vales est un groupe de recherche compos\u00e9 initialement de six historiens-m\u00e9di\u00e9vistes dont les travaux sont ax\u00e9s sur l&rsquo;\u00e9tude de la Lotharingie m\u00e9di\u00e9vale, c.-\u00e0-d. l\u2019espace situ\u00e9 entre la Meuse et le Rhin d&rsquo;une part, les Vosges et la Mer du Nord de l&rsquo;autre. La Grande R\u00e9gion appel\u00e9e Sarre-Lor-Lux en constitue la partie centrale, au sens g\u00e9ographique et en ce qui concerne l\u2019objet des recherches.<\/p><\/div>\t\t\t\t\t\t\t\t<\/div>\n\t\t\t\t<\/div>\n\t\t\t\t\t<\/div>\n\t\t<\/div>\n\t\t\t\t\t<\/div>\n\t\t<\/section>\n\t\t\t\t<section class=\"elementor-section elementor-top-section elementor-element elementor-element-8abaa03 elementor-section-boxed elementor-section-height-default elementor-section-height-default\" data-id=\"8abaa03\" data-element_type=\"section\">\n\t\t\t\t\t\t<div class=\"elementor-container elementor-column-gap-default\">\n\t\t\t\t\t<div class=\"elementor-column elementor-col-100 elementor-top-column elementor-element elementor-element-f4254ef\" data-id=\"f4254ef\" data-element_type=\"column\">\n\t\t\t<div class=\"elementor-widget-wrap elementor-element-populated\">\n\t\t\t\t\t\t<div class=\"elementor-element elementor-element-b8f0018 elementor-widget elementor-widget-text-editor\" data-id=\"b8f0018\" data-element_type=\"widget\" data-widget_type=\"text-editor.default\">\n\t\t\t\t<div class=\"elementor-widget-container\">\n\t\t\t\t\t\t\t\t\t<div id=\"contentwide\"><p>Die Forschungsarbeiten wurden im Rahmen von Forschungs- und Entwicklungsprojekten gem\u00e4\u00df dem Gesetz vom 9. M\u00e4rz 1987 und dank der \u00dcbertragung von Lehraufgaben auf die wissenschaftliche Forschung im Rahmen des Centre Universitaire de Luxembourg, das 2003 zur Universit\u00e4t Luxemburg wurde, durchgef\u00fchrt. Parallel dazu gr\u00fcndete CLUDEM eine Vereinigung ohne Erwerbszweck (asbl), um Publikationen mit den Ergebnissen der durchgef\u00fchrten Forschungsarbeiten herauszugeben.<\/p><\/div>\t\t\t\t\t\t\t\t<\/div>\n\t\t\t\t<\/div>\n\t\t\t\t\t<\/div>\n\t\t<\/div>\n\t\t\t\t\t<\/div>\n\t\t<\/section>\n\t\t\t\t<section class=\"elementor-section elementor-top-section elementor-element elementor-element-d4fac1b elementor-section-boxed elementor-section-height-default elementor-section-height-default\" data-id=\"d4fac1b\" data-element_type=\"section\">\n\t\t\t\t\t\t<div class=\"elementor-container elementor-column-gap-default\">\n\t\t\t\t\t<div class=\"elementor-column elementor-col-100 elementor-top-column elementor-element elementor-element-5145ab3\" data-id=\"5145ab3\" data-element_type=\"column\">\n\t\t\t<div class=\"elementor-widget-wrap elementor-element-populated\">\n\t\t\t\t\t\t<div class=\"elementor-element elementor-element-030dd71 elementor-widget elementor-widget-heading\" data-id=\"030dd71\" data-element_type=\"widget\" data-widget_type=\"heading.default\">\n\t\t\t\t<div class=\"elementor-widget-container\">\n\t\t\t\t\t<h4 class=\"elementor-heading-title elementor-size-default\">Kommende Veranstaltungen<\/h4>\t\t\t\t<\/div>\n\t\t\t\t<\/div>\n\t\t\t\t<div class=\"elementor-element elementor-element-797fb51 elementor-widget elementor-widget-wp-widget-tribe-widget-events-list\" data-id=\"797fb51\" data-element_type=\"widget\" data-widget_type=\"wp-widget-tribe-widget-events-list.default\">\n\t\t\t\t<div class=\"elementor-widget-container\">\n\t\t\t\t\t<script data-js='tribe-events-view-nonce-data' type='application\/json'>{\"tvn1\":\"06c8e8981a\",\"tvn2\":\"\"}<\/script>\t\t\t\t<\/div>\n\t\t\t\t<\/div>\n\t\t\t\t<div class=\"elementor-element elementor-element-0c99fe1 elementor-widget elementor-widget-text-editor\" data-id=\"0c99fe1\" data-element_type=\"widget\" data-widget_type=\"text-editor.default\">\n\t\t\t\t<div class=\"elementor-widget-container\">\n\t\t\t\t\t\t\t\t\t<p style=\"font-weight: 400;\">Communiqu\u00e9 du Centre luxembourgeois de documentation et d\u2019\u00e9tudes m\u00e9di\u00e9vales (CLUDEM)<\/p><p style=\"font-weight: 400;\">\u00a0<\/p><p style=\"font-weight: 400;\">En 2022, le <em>Centre luxembourgeois de documentation et d\u2019\u00e9tudes m\u00e9di\u00e9vales<\/em> (CLUDEM a.s.b.l.) a cr\u00e9\u00e9 un \u00ab Prix d\u2019Histoire m\u00e9di\u00e9vale du CLUDEM \u00bb dans le but de promouvoir la recherche et sa publication dans le domaine de l\u2019histoire du Moyen \u00c2ge. Son montant s\u2019\u00e9l\u00e8ve \u00e0 2.000 euros.<\/p><p style=\"font-weight: 400;\">Le Prix r\u00e9compense un travail \u00e0 caract\u00e8re scientifique, d\u2019un ou de plusieurs auteurs, en relation avec soit l\u2019histoire de l\u2019ancienne Lotharingie (IX<sup>e<\/sup>-XII<sup>e<\/sup> s.), soit l\u2019histoire m\u00e9di\u00e9vale de la Maison des Luxembourg (XI<sup>e<\/sup>-XV<sup>e<\/sup> s.), soit l\u2019histoire de l\u2019espace de l\u2019ancien comt\u00e9 ou duch\u00e9 de Luxembourg (V<sup>e<\/sup>-XV<sup>e<\/sup> s.). Il s\u2019agira d\u2019une \u00e9tude in\u00e9dite destin\u00e9e \u00e0 la publication sous forme de livre ou en open access, r\u00e9dig\u00e9e en fran\u00e7ais, allemand ou anglais. Les travaux pris en compte doivent avoir \u00e9t\u00e9 achev\u00e9s pendant la p\u00e9riode pr\u00e9c\u00e9dant d\u2019au plus trois ann\u00e9es la date de la remise de la candidature pour le Prix. Les travaux pr\u00e9sent\u00e9s au jury ne doivent pas provenir d\u2019auteurs pr\u00e9sentant des conflits d\u2019int\u00e9r\u00eat (liens de parent\u00e9 ; publications ou projets de recherche communs ou liens hi\u00e9rarchiques dans les cinq ann\u00e9es ant\u00e9rieures \u00e0 l\u2019appel) avec un des membres du jury.<\/p><p style=\"font-weight: 400;\">L\u2019appel \u00e0 candidature a \u00e9t\u00e9 lanc\u00e9 au 1<sup>er<\/sup> octobre 2025. La date limite pour l\u2019envoi des candidatures est fix\u00e9e au 1<sup>er<\/sup> avril 2026 minuit. La remise du Prix a lieu \u00e0 Luxembourg-ville, lors de l\u2019assembl\u00e9e g\u00e9n\u00e9rale annuelle du CLUDEM.<\/p><p style=\"font-weight: 400;\">\u00a0<\/p><p style=\"font-weight: 400;\">Pour en savoir plus\u00a0: <a href=\"https:\/\/www.cludem.lu\/de\/prix-dhistoire\/\">https:\/\/www.cludem.lu\/prix-dhistoire<\/a><\/p><p style=\"font-weight: 400;\">Pour tout renseignement suppl\u00e9mentaire\u00a0: <a href=\"mailto:contact.cludem@gmail.com\">contact.cludem@gmail.com<\/a><\/p><p style=\"font-weight: 400;\">\u00a0<\/p>\t\t\t\t\t\t\t\t<\/div>\n\t\t\t\t<\/div>\n\t\t\t\t\t<\/div>\n\t\t<\/div>\n\t\t\t\t\t<\/div>\n\t\t<\/section>\n\t\t\t\t<section class=\"elementor-section elementor-top-section elementor-element elementor-element-f78b395 elementor-section-boxed elementor-section-height-default elementor-section-height-default\" data-id=\"f78b395\" data-element_type=\"section\">\n\t\t\t\t\t\t<div class=\"elementor-container elementor-column-gap-default\">\n\t\t\t\t\t<div class=\"elementor-column elementor-col-50 elementor-top-column elementor-element elementor-element-165933e\" data-id=\"165933e\" data-element_type=\"column\">\n\t\t\t<div class=\"elementor-widget-wrap\">\n\t\t\t\t\t\t\t<\/div>\n\t\t<\/div>\n\t\t\t\t<div class=\"elementor-column elementor-col-50 elementor-top-column elementor-element elementor-element-55d2993\" data-id=\"55d2993\" data-element_type=\"column\">\n\t\t\t<div class=\"elementor-widget-wrap\">\n\t\t\t\t\t\t\t<\/div>\n\t\t<\/div>\n\t\t\t\t\t<\/div>\n\t\t<\/section>\n\t\t\t\t<section class=\"elementor-section elementor-top-section elementor-element elementor-element-3014925 elementor-section-boxed elementor-section-height-default elementor-section-height-default\" data-id=\"3014925\" data-element_type=\"section\">\n\t\t\t\t\t\t<div class=\"elementor-container elementor-column-gap-default\">\n\t\t\t\t\t<div class=\"elementor-column elementor-col-100 elementor-top-column elementor-element elementor-element-a3f2280\" data-id=\"a3f2280\" data-element_type=\"column\">\n\t\t\t<div class=\"elementor-widget-wrap elementor-element-populated\">\n\t\t\t\t\t\t<div class=\"elementor-element elementor-element-1b5782f elementor-widget elementor-widget-heading\" data-id=\"1b5782f\" data-element_type=\"widget\" data-widget_type=\"heading.default\">\n\t\t\t\t<div class=\"elementor-widget-container\">\n\t\t\t\t\t<h4 class=\"elementor-heading-title elementor-size-default\">Neuerscheinungen<\/h4>\t\t\t\t<\/div>\n\t\t\t\t<\/div>\n\t\t\t\t<section class=\"elementor-section elementor-inner-section elementor-element elementor-element-ac02cf1 elementor-section-boxed elementor-section-height-default elementor-section-height-default\" data-id=\"ac02cf1\" data-element_type=\"section\">\n\t\t\t\t\t\t<div class=\"elementor-container elementor-column-gap-default\">\n\t\t\t\t\t<div class=\"elementor-column elementor-col-50 elementor-inner-column elementor-element elementor-element-3285053\" data-id=\"3285053\" data-element_type=\"column\">\n\t\t\t<div class=\"elementor-widget-wrap elementor-element-populated\">\n\t\t\t\t\t\t<div class=\"elementor-element elementor-element-b103aeb elementor-widget elementor-widget-heading\" data-id=\"b103aeb\" data-element_type=\"widget\" data-widget_type=\"heading.default\">\n\t\t\t\t<div class=\"elementor-widget-container\">\n\t\t\t\t\t<h6 class=\"elementor-heading-title elementor-size-default\"><b>Tome 54<\/b><\/h6>\t\t\t\t<\/div>\n\t\t\t\t<\/div>\n\t\t\t\t<div class=\"elementor-element elementor-element-9f075dd elementor-widget elementor-widget-heading\" data-id=\"9f075dd\" data-element_type=\"widget\" data-widget_type=\"heading.default\">\n\t\t\t\t<div class=\"elementor-widget-container\">\n\t\t\t\t\t<span class=\"elementor-heading-title elementor-size-default\">Die Urkundenregesten\nJohanns von Luxemburg\nals K\u00f6nig von B\u00f6hmen \/\nLes regestes des chartes de\nJean de Luxembourg en tant\nque roi de Boh\u00eame (1310\u20131346),\nhg. von \/ \u00e9d. par Anna Jago\u0161.\n(Publications du CLUDEM; 54),\nLuxemburg 2025, 488 S. \n\n\n<br><br><br>\n<b>Prix : 35.00\u20ac<\/b>\n<br><br>\nISBN 978-2-919979-42-4 \n<br><br>\n<\/span>\t\t\t\t<\/div>\n\t\t\t\t<\/div>\n\t\t\t\t\t<\/div>\n\t\t<\/div>\n\t\t\t\t<div class=\"elementor-column elementor-col-50 elementor-inner-column elementor-element elementor-element-887575a\" data-id=\"887575a\" data-element_type=\"column\">\n\t\t\t<div class=\"elementor-widget-wrap elementor-element-populated\">\n\t\t\t\t\t\t<div class=\"elementor-element elementor-element-6105317 elementor-widget elementor-widget-image\" data-id=\"6105317\" data-element_type=\"widget\" data-widget_type=\"image.default\">\n\t\t\t\t<div class=\"elementor-widget-container\">\n\t\t\t\t\t\t\t\t\t\t\t\t\t\t\t<img loading=\"lazy\" decoding=\"async\" width=\"209\" height=\"300\" src=\"https:\/\/www.cludem.lu\/wp-content\/uploads\/2026\/02\/Cover_Jagos_Quellenband-209x300.jpg\" class=\"attachment-medium size-medium wp-image-2415\" alt=\"\" srcset=\"https:\/\/www.cludem.lu\/wp-content\/uploads\/2026\/02\/Cover_Jagos_Quellenband-209x300.jpg 209w, https:\/\/www.cludem.lu\/wp-content\/uploads\/2026\/02\/Cover_Jagos_Quellenband-8x12.jpg 8w, https:\/\/www.cludem.lu\/wp-content\/uploads\/2026\/02\/Cover_Jagos_Quellenband.jpg 300w\" sizes=\"(max-width: 209px) 100vw, 209px\" \/>\t\t\t\t\t\t\t\t\t\t\t\t\t\t\t<\/div>\n\t\t\t\t<\/div>\n\t\t\t\t\t<\/div>\n\t\t<\/div>\n\t\t\t\t\t<\/div>\n\t\t<\/section>\n\t\t\t\t<section class=\"elementor-section elementor-inner-section elementor-element elementor-element-ba24838 elementor-section-boxed elementor-section-height-default elementor-section-height-default\" data-id=\"ba24838\" data-element_type=\"section\">\n\t\t\t\t\t\t<div class=\"elementor-container elementor-column-gap-default\">\n\t\t\t\t\t<div class=\"elementor-column elementor-col-50 elementor-inner-column elementor-element elementor-element-49d2a51\" data-id=\"49d2a51\" data-element_type=\"column\">\n\t\t\t<div class=\"elementor-widget-wrap elementor-element-populated\">\n\t\t\t\t\t\t<div class=\"elementor-element elementor-element-694376d elementor-widget elementor-widget-heading\" data-id=\"694376d\" data-element_type=\"widget\" data-widget_type=\"heading.default\">\n\t\t\t\t<div class=\"elementor-widget-container\">\n\t\t\t\t\t<h6 class=\"elementor-heading-title elementor-size-default\"><b>Tome 55<\/b><\/h6>\t\t\t\t<\/div>\n\t\t\t\t<\/div>\n\t\t\t\t<div class=\"elementor-element elementor-element-f73b948 elementor-widget elementor-widget-heading\" data-id=\"f73b948\" data-element_type=\"widget\" data-widget_type=\"heading.default\">\n\t\t\t\t<div class=\"elementor-widget-container\">\n\t\t\t\t\t<span class=\"elementor-heading-title elementor-size-default\">Theo Schley, Die B\u00fcrger und\nihr K\u00f6nig. Die Prager B\u00fcrger\nim Dienst K\u00f6nig Johanns des\nBlinden (1310-1346).\n(Publications du CLUDEM; 55),\nLuxemburg 2025, 620 S., 10 Abb.\n\n\n<br><br><br>\n<b>Prix : 49.00\u20ac<\/b>\n<br><br>\nISBN 978-2-919979-43-1\n<br><br>\n<\/span>\t\t\t\t<\/div>\n\t\t\t\t<\/div>\n\t\t\t\t\t<\/div>\n\t\t<\/div>\n\t\t\t\t<div class=\"elementor-column elementor-col-50 elementor-inner-column elementor-element elementor-element-297e548\" data-id=\"297e548\" data-element_type=\"column\">\n\t\t\t<div class=\"elementor-widget-wrap elementor-element-populated\">\n\t\t\t\t\t\t<div class=\"elementor-element elementor-element-89af070 elementor-widget elementor-widget-image\" data-id=\"89af070\" data-element_type=\"widget\" data-widget_type=\"image.default\">\n\t\t\t\t<div class=\"elementor-widget-container\">\n\t\t\t\t\t\t\t\t\t\t\t\t\t\t\t<img loading=\"lazy\" decoding=\"async\" width=\"198\" height=\"300\" src=\"https:\/\/www.cludem.lu\/wp-content\/uploads\/2026\/02\/Cover_Schley_Web-198x300.jpg\" class=\"attachment-medium size-medium wp-image-2416\" alt=\"\" srcset=\"https:\/\/www.cludem.lu\/wp-content\/uploads\/2026\/02\/Cover_Schley_Web-198x300.jpg 198w, https:\/\/www.cludem.lu\/wp-content\/uploads\/2026\/02\/Cover_Schley_Web-8x12.jpg 8w, https:\/\/www.cludem.lu\/wp-content\/uploads\/2026\/02\/Cover_Schley_Web.jpg 300w\" sizes=\"(max-width: 198px) 100vw, 198px\" \/>\t\t\t\t\t\t\t\t\t\t\t\t\t\t\t<\/div>\n\t\t\t\t<\/div>\n\t\t\t\t\t<\/div>\n\t\t<\/div>\n\t\t\t\t\t<\/div>\n\t\t<\/section>\n\t\t\t\t<section class=\"elementor-section elementor-inner-section elementor-element elementor-element-4a5dc07 elementor-section-boxed elementor-section-height-default elementor-section-height-default\" data-id=\"4a5dc07\" data-element_type=\"section\">\n\t\t\t\t\t\t<div class=\"elementor-container elementor-column-gap-default\">\n\t\t\t\t\t<div class=\"elementor-column elementor-col-50 elementor-inner-column elementor-element elementor-element-3f8af0c\" data-id=\"3f8af0c\" data-element_type=\"column\">\n\t\t\t<div class=\"elementor-widget-wrap elementor-element-populated\">\n\t\t\t\t\t\t\t<\/div>\n\t\t<\/div>\n\t\t\t\t<div class=\"elementor-column elementor-col-50 elementor-inner-column elementor-element elementor-element-7007873\" data-id=\"7007873\" data-element_type=\"column\">\n\t\t\t<div class=\"elementor-widget-wrap elementor-element-populated\">\n\t\t\t\t\t\t\t<\/div>\n\t\t<\/div>\n\t\t\t\t\t<\/div>\n\t\t<\/section>\n\t\t\t\t\t<\/div>\n\t\t<\/div>\n\t\t\t\t\t<\/div>\n\t\t<\/section>\n\t\t\t\t<\/div>","protected":false},"excerpt":{"rendered":"<p>Constitu\u00e9 en 1987 dans le cadre du Centre Universitaire de Luxembourg, le Centre Luxembourgeois de Documentation et d&rsquo;\u00c9tudes M\u00e9di\u00e9vales est un groupe de recherche compos\u00e9 initialement de six historiens-m\u00e9di\u00e9vistes dont [&hellip;]<\/p>","protected":false},"author":1,"featured_media":0,"parent":0,"menu_order":0,"comment_status":"closed","ping_status":"closed","template":"elementor_header_footer","meta":{"site-sidebar-layout":"no-sidebar","site-content-layout":"page-builder","ast-site-content-layout":"default","site-content-style":"default","site-sidebar-style":"default","ast-global-header-display":"","ast-banner-title-visibility":"","ast-main-header-display":"","ast-hfb-above-header-display":"","ast-hfb-below-header-display":"","ast-hfb-mobile-header-display":"","site-post-title":"disabled","ast-breadcrumbs-content":"disabled","ast-featured-img":"disabled","footer-sml-layout":"","theme-transparent-header-meta":"enabled","adv-header-id-meta":"","stick-header-meta":"","header-above-stick-meta":"","header-main-stick-meta":"","header-below-stick-meta":"","astra-migrate-meta-layouts":"default","ast-page-background-enabled":"default","ast-page-background-meta":{"desktop":{"background-color":"","background-image":"","background-repeat":"repeat","background-position":"center center","background-size":"auto","background-attachment":"scroll","background-type":"","background-media":"","overlay-type":"","overlay-color":"","overlay-opacity":"","overlay-gradient":""},"tablet":{"background-color":"","background-image":"","background-repeat":"repeat","background-position":"center center","background-size":"auto","background-attachment":"scroll","background-type":"","background-media":"","overlay-type":"","overlay-color":"","overlay-opacity":"","overlay-gradient":""},"mobile":{"background-color":"","background-image":"","background-repeat":"repeat","background-position":"center center","background-size":"auto","background-attachment":"scroll","background-type":"","background-media":"","overlay-type":"","overlay-color":"","overlay-opacity":"","overlay-gradient":""}},"ast-content-background-meta":{"desktop":{"background-color":"var(--ast-global-color-5)","background-image":"","background-repeat":"repeat","background-position":"center center","background-size":"auto","background-attachment":"scroll","background-type":"","background-media":"","overlay-type":"","overlay-color":"","overlay-opacity":"","overlay-gradient":""},"tablet":{"background-color":"var(--ast-global-color-5)","background-image":"","background-repeat":"repeat","background-position":"center center","background-size":"auto","background-attachment":"scroll","background-type":"","background-media":"","overlay-type":"","overlay-color":"","overlay-opacity":"","overlay-gradient":""},"mobile":{"background-color":"var(--ast-global-color-5)","background-image":"","background-repeat":"repeat","background-position":"center center","background-size":"auto","background-attachment":"scroll","background-type":"","background-media":"","overlay-type":"","overlay-color":"","overlay-opacity":"","overlay-gradient":""}},"footnotes":""},"class_list":["post-883","page","type-page","status-publish","hentry"],"_links":{"self":[{"href":"https:\/\/www.cludem.lu\/de\/wp-json\/wp\/v2\/pages\/883","targetHints":{"allow":["GET"]}}],"collection":[{"href":"https:\/\/www.cludem.lu\/de\/wp-json\/wp\/v2\/pages"}],"about":[{"href":"https:\/\/www.cludem.lu\/de\/wp-json\/wp\/v2\/types\/page"}],"author":[{"embeddable":true,"href":"https:\/\/www.cludem.lu\/de\/wp-json\/wp\/v2\/users\/1"}],"replies":[{"embeddable":true,"href":"https:\/\/www.cludem.lu\/de\/wp-json\/wp\/v2\/comments?post=883"}],"version-history":[{"count":334,"href":"https:\/\/www.cludem.lu\/de\/wp-json\/wp\/v2\/pages\/883\/revisions"}],"predecessor-version":[{"id":2426,"href":"https:\/\/www.cludem.lu\/de\/wp-json\/wp\/v2\/pages\/883\/revisions\/2426"}],"wp:attachment":[{"href":"https:\/\/www.cludem.lu\/de\/wp-json\/wp\/v2\/media?parent=883"}],"curies":[{"name":"wp","href":"https:\/\/api.w.org\/{rel}","templated":true}]}}